{"id":46,"date":"2020-01-06T08:28:31","date_gmt":"2020-01-06T08:28:31","guid":{"rendered":"https:\/\/massage-pure.ch\/?page_id=46"},"modified":"2025-03-13T20:06:45","modified_gmt":"2025-03-13T20:06:45","slug":"team","status":"publish","type":"page","link":"https:\/\/massage-pure.ch\/index.php\/team\/","title":{"rendered":"\u00dcber mich"},"content":{"rendered":"\n<h2 class=\"wp-block-heading\">Barbara Waldspurger<\/h2>\n\n\n\n<div class=\"wp-block-columns is-layout-flex wp-container-core-columns-is-layout-1 wp-block-columns-is-layout-flex\">\n<div class=\"wp-block-column is-layout-flow wp-block-column-is-layout-flow\" style=\"flex-basis:33.33%\">\n<figure class=\"wp-block-image size-full is-style-circle-mask\"><img loading=\"lazy\" decoding=\"async\" width=\"196\" height=\"198\" src=\"https:\/\/massage-pure.ch\/wp-content\/uploads\/2025\/03\/Barbara-2025.png\" alt=\"\" class=\"wp-image-308\"\/><\/figure>\n\n\n\n<p>Dipl. Berufsmasseurin<br>Dipl. Gesundheitsmasseurin<\/p>\n\n\n\n<p>Dipl. Medizinische Sachbearbeiterin<\/p>\n<\/div>\n\n\n\n<div class=\"wp-block-column is-layout-flow wp-block-column-is-layout-flow\" style=\"flex-basis:66.66%\">\n<p>Eine berufliche Umorientierung im Jahr 2016 brachte mich in die Welt der therapeutischen Massage. Nach 2 Jahren durfte ich den Titel Dipl. Gesundheitsmasseurin und Dipl. Berufsmasseurin tragen. Abgerundet durch ein medizinisches Grundlagenstudium und vielen Weiterbildungen bin ich nun gl\u00fccklich in dieser spannenden Branche t\u00e4tig.&nbsp; Meine Arbeit als Masseurin erf\u00fcllt mich mit grosser Freude. Dank all meinen Weiterbildungen und besuchten Kursen, schrecke ich auch vor etwas komplexeren F\u00e4llen nicht zur\u00fcck und bin bereit einen entsprechenden Behandlungsplan zu erarbeiten und anzubieten. &nbsp;<\/p>\n\n\n\n<p>Neben meiner spannenden Arbeit in meiner Praxis, bin ich zus\u00e4tzlich noch als medizinische Arztsekret\u00e4rin t\u00e4tig.<\/p>\n\n\n\n<p>Den Ausgleich in meinem Alltag finde ich in der freien Natur.<\/p>\n\n\n\n<p><\/p>\n\n\n\n<blockquote class=\"wp-block-quote is-layout-flow wp-block-quote-is-layout-flow\">\n<p>&#8222;Gesundheit ist nicht alles, aber ohne Gesundheit ist alles nichts&#8220;-&nbsp;<\/p>\n<cite>Arthur Schoppenhauer<\/cite><\/blockquote>\n<\/div>\n<\/div>\n\n\n\n<hr class=\"wp-block-separator has-css-opacity\"\/>\n\n\n\n<h3 class=\"wp-block-heading\">Aus- und Weiterbildungen<\/h3>\n\n\n\n<p>2022 &#8211; Faszientherapie \/ Myofascial-Release Kurs I &amp; II \u2013 Bodyfeet Thun<\/p>\n\n\n\n<p>2021 &#8211; Lomi-Lomi Therapie Modul 1 \u2013 Die K\u00f6nigin der Massagen<\/p>\n\n\n\n<p>2020 &#8211; Problemmacher (Iliopsoas) der H\u00fcftgelenksmuskulatur finden und l\u00f6sen \u2013 Bodyfeet Thun<\/p>\n\n\n\n<p>2019 &#8211; Manuelle Schmerztherapie MST &#8211; Bodyfeet Thun<\/p>\n\n\n\n<p>2018 &#8211; Diplom &#8211; Medizinische Grundlagenausbildung 161h &#8211; Bodyfeet Thun<\/p>\n\n\n\n<p>2018 &#8211; Diplom Berufsmasseurin &#8211; Bodyfeet Thun<\/p>\n\n\n\n<p>2018 &#8211; Triggerpunkt-Therapie und Passive Dehnungen obere K\u00f6rperh\u00e4lfte &#8211; Bodyfeet Thun<\/p>\n\n\n\n<p>2017 &#8211; Kopfschmerz- und Migr\u00e4netherapie &#8211; Bodyfeet Thun<\/p>\n\n\n\n<p>2017 &#8211; Klassische Massage Diplomstufe II &#8211; Bodyfeet Thun<\/p>\n\n\n\n<p>2017 &#8211; Diplom Gesundheitsmasseurin &#8211; Bodyfeet Thun<\/p>\n\n\n\n<p>2016\/2017 &#8211; Klassische Massage &#8211; Diplomstufe I &#8211; Bodyfeet Thun<\/p>\n","protected":false},"excerpt":{"rendered":"<p>Barbara Waldspurger Dipl. BerufsmasseurinDipl. Gesundheitsmasseurin Dipl. Medizinische Sachbearbeiterin Eine berufliche Umorientierung im Jahr 2016 brachte mich in die Welt der therapeutischen Massage. Nach 2 Jahren durfte ich den Titel Dipl. Gesundheitsmasseurin und Dipl. Berufsmasseurin tragen. Abgerundet durch ein medizinisches Grundlagenstudium und vielen Weiterbildungen bin ich nun gl\u00fccklich in dieser spannenden Branche t\u00e4tig.&nbsp; Meine Arbeit als [&hellip;]<\/p>\n","protected":false},"author":1,"featured_media":0,"parent":0,"menu_order":0,"comment_status":"closed","ping_status":"closed","template":"","meta":{"footnotes":""},"_links":{"self":[{"href":"https:\/\/massage-pure.ch\/index.php\/wp-json\/wp\/v2\/pages\/46"}],"collection":[{"href":"https:\/\/massage-pure.ch\/index.php\/wp-json\/wp\/v2\/pages"}],"about":[{"href":"https:\/\/massage-pure.ch\/index.php\/wp-json\/wp\/v2\/types\/page"}],"author":[{"embeddable":true,"href":"https:\/\/massage-pure.ch\/index.php\/wp-json\/wp\/v2\/users\/1"}],"replies":[{"embeddable":true,"href":"https:\/\/massage-pure.ch\/index.php\/wp-json\/wp\/v2\/comments?post=46"}],"version-history":[{"count":19,"href":"https:\/\/massage-pure.ch\/index.php\/wp-json\/wp\/v2\/pages\/46\/revisions"}],"predecessor-version":[{"id":310,"href":"https:\/\/massage-pure.ch\/index.php\/wp-json\/wp\/v2\/pages\/46\/revisions\/310"}],"wp:attachment":[{"href":"https:\/\/massage-pure.ch\/index.php\/wp-json\/wp\/v2\/media?parent=46"}],"curies":[{"name":"wp","href":"https:\/\/api.w.org\/{rel}","templated":true}]}}