{"id":56,"date":"2020-01-06T09:02:12","date_gmt":"2020-01-06T09:02:12","guid":{"rendered":"https:\/\/massage-pure.ch\/?page_id=56"},"modified":"2024-05-08T06:50:59","modified_gmt":"2024-05-08T06:50:59","slug":"angebot","status":"publish","type":"page","link":"https:\/\/massage-pure.ch\/index.php\/angebot\/","title":{"rendered":"Angebot"},"content":{"rendered":"\n<h2 class=\"wp-block-heading\">Massagen<\/h2>\n\n\n\n<div class=\"wp-block-columns is-layout-flex wp-container-core-columns-is-layout-1 wp-block-columns-is-layout-flex\">\n<div class=\"wp-block-column is-layout-flow wp-block-column-is-layout-flow\" style=\"flex-basis:33.33%\">\n<h4 class=\"wp-block-heading\">30 Minuten-Massage<\/h4>\n<\/div>\n\n\n\n<div class=\"wp-block-column is-layout-flow wp-block-column-is-layout-flow\" style=\"flex-basis:66.66%\">\n<p>F\u00fcr eine Teilk\u00f6rpermassage (z.B.  R\u00fccken\/Arme\/Beine) reichen 30 Minuten, bei nicht allzu grossen  Verspannungen, durchaus aus. G\u00f6nn dir doch eine kleine 30 Minuten  Powermassage.<\/p>\n\n\n\n<p> <strong>30 Min f\u00fcr CHF 50.&#8211; <\/strong><\/p>\n<\/div>\n<\/div>\n\n\n\n<hr class=\"wp-block-separator has-css-opacity\"\/>\n\n\n\n<div class=\"wp-block-columns is-layout-flex wp-container-core-columns-is-layout-2 wp-block-columns-is-layout-flex\">\n<div class=\"wp-block-column is-layout-flow wp-block-column-is-layout-flow\" style=\"flex-basis:33.33%\">\n<h4 class=\"wp-block-heading\">45 Minuten-Massage<\/h4>\n<\/div>\n\n\n\n<div class=\"wp-block-column is-layout-flow wp-block-column-is-layout-flow\" style=\"flex-basis:66.66%\">\n<p>Diese  Massage ist die goldene Mitte. In dieser Zeitdauer kann bereits etwas  intensiver auf einzelne Verspannungen&nbsp; eingegangen werden. Eine  Kombination von zwei K\u00f6rperregionen ist durchaus m\u00f6glich (z.B. R\u00fccken  und Arme)<\/p>\n\n\n\n<p><strong>45 Min f\u00fcr CHF 75.&#8211;<\/strong><\/p>\n<\/div>\n<\/div>\n\n\n\n<hr class=\"wp-block-separator has-css-opacity\"\/>\n\n\n\n<div class=\"wp-block-columns is-layout-flex wp-container-core-columns-is-layout-3 wp-block-columns-is-layout-flex\">\n<div class=\"wp-block-column is-layout-flow wp-block-column-is-layout-flow\" style=\"flex-basis:33.33%\">\n<h4 class=\"wp-block-heading\">60 Minuten-Massage<\/h4>\n<\/div>\n\n\n\n<div class=\"wp-block-column is-layout-flow wp-block-column-is-layout-flow\" style=\"flex-basis:66.66%\">\n<p>60 Minuten v\u00f6llige Entspannung. Geniesse w\u00e4hrend einer Stunde eine Teil- oder Ganzk\u00f6rpermassage und&nbsp; lass den Alltag hinter dir.<\/p>\n\n\n\n<p><strong>60 Min f\u00fcr CHF 100.&#8211;<\/strong><\/p>\n<\/div>\n<\/div>\n\n\n\n<hr class=\"wp-block-separator has-alpha-channel-opacity\"\/>\n\n\n\n<div class=\"wp-block-columns is-layout-flex wp-container-core-columns-is-layout-4 wp-block-columns-is-layout-flex\">\n<div class=\"wp-block-column is-layout-flow wp-block-column-is-layout-flow\" style=\"flex-basis:33.33%\">\n<h4 class=\"wp-block-heading\">90 Minuten-Massage<\/h4>\n<\/div>\n\n\n\n<div class=\"wp-block-column is-layout-flow wp-block-column-is-layout-flow\" style=\"flex-basis:66.66%\">\n<p>90 Minuten v\u00f6llige Entspannung. Geniesse w\u00e4hrend 90 Minuten eine Teil- oder Ganzk\u00f6rpermassage und\u00a0 lass den Alltag hinter dir.<\/p>\n\n\n\n<p><strong>90 Min f\u00fcr CHF 150.&#8211;<\/strong><\/p>\n<\/div>\n<\/div>\n\n\n\n<hr class=\"wp-block-separator has-css-opacity\"\/>\n\n\n\n<div class=\"wp-block-columns is-layout-flex wp-container-core-columns-is-layout-5 wp-block-columns-is-layout-flex\">\n<div class=\"wp-block-column is-layout-flow wp-block-column-is-layout-flow\" style=\"flex-basis:33.33%\">\n<h4 class=\"wp-block-heading\"><strong>Gutscheine<\/strong><\/h4>\n<\/div>\n\n\n\n<div class=\"wp-block-column is-layout-flow wp-block-column-is-layout-flow\" style=\"flex-basis:66.66%\">\n<p>In jedem x-beliebigen Betrag erh\u00e4ltlich. Postversand m\u00f6glich.<\/p>\n<\/div>\n<\/div>\n\n\n\n<hr class=\"wp-block-separator has-css-opacity\"\/>\n\n\n\n<h2 class=\"wp-block-heading\"><strong>Manuelle Schmerztherapie<\/strong><\/h2>\n\n\n\n<p>Diese einfache und wirkungsvolle Therapie hilft Schmerzen loszuwerden und wieder in Bewegung zu kommen.<\/p>\n\n\n\n<p>Die MST ist eine durch den Therapeuten durchgef\u00fchrte Drucktechnik, mit der Schmerzzust\u00e4nde gelindert oder aufgel\u00f6st werden k\u00f6nnen. Es wird vorwiegend am \u00dcbergang des zu behandelnden Muskels zum Knochen, also an den Sehnen gearbeitet \u2013 mit dieser Technik geben wir dem K\u00f6rper die M\u00f6glichkeit Dysbalancen aufzul\u00f6sen und das Gleichgeweicht im K\u00f6rper wiederherzustellen.<\/p>\n\n\n\n<p>Mit der Manuellen Schmerztherapie wird am sogenannten degenerativen Schmerz gearbeitet (degenerative Schmerzen entstehen durch einseitige, oder eingeschr\u00e4nkte Bewegungen \u00fcber einen gewissen Zeitraum oder sogar Jahre). Diese Einschr\u00e4nkungen f\u00fchren dazu, dass Muskeln, Gelenke und Knochen nicht wie vorgesehen beansprucht werden k\u00f6nnen.<\/p>\n\n\n\n<p>Durch Schonhaltungen und Bewegungsverweigerung als Folge des Schmerzes, verk\u00fcrzt sich die Muskulatur. Der betroffene Mensch f\u00fchlt sich gestresst und unbeweglich. Durch Einnahme von Schmerzmitteln wird der Schmerz bet\u00e4ubt, was bedeutet, dass die sch\u00e4digende Bewegung mit ausgeschaltetem \u00abWarn- und Leitsignal\u00bb fortgesetzt wird. Dadurch wird die Gelenkssch\u00e4digung und Muskelspannung noch zus\u00e4tzlich unterst\u00fctzt. Ein Teufelskreis.&nbsp;<\/p>\n\n\n\n<p>Beispiele f\u00fcr degenerative Schmerzzust\u00e4nde sind:<\/p>\n\n\n\n<p>Kopfschmerzen, Migr\u00e4ne, Nackenschmerzen, H\u00fcftgelenksschmerzen, Schmerzen in der Lendenwirbels\u00e4ule, R\u00fcckenschmerzen, Golfer Ellbogen, Tennisellbogen, Knieschmerzen, Arthroseschmerzen, um nur einige zu nennen.&nbsp;<\/p>\n\n\n\n<p>Unser K\u00f6rper will uns mit Schmerzen darauf hinweisen, dass wir im Begriff sind ihn zu sch\u00e4digen.<\/p>\n\n\n\n<p>Durch die Manuelle Schmerztherapie und den entsprechenden \u00dcbungen, die vom Therapeuten mitgegeben werden, ist es m\u00f6glich, Schmerzen deutlich zu lindern oder gar weg zu therapieren.&nbsp;<\/p>\n\n\n\n<div class=\"wp-block-columns is-layout-flex wp-container-core-columns-is-layout-6 wp-block-columns-is-layout-flex\">\n<div class=\"wp-block-column is-layout-flow wp-block-column-is-layout-flow\" style=\"flex-basis:33.33%\">\n<h4 class=\"wp-block-heading\">Dauer einer MST-Behandlung ca. 60-70 Min<\/h4>\n<\/div>\n\n\n\n<div class=\"wp-block-column is-layout-flow wp-block-column-is-layout-flow\" style=\"flex-basis:66.66%\">\n<p>Bei der Erstbehandlung muss mit 90 Min gerechnet werden, da eine genaue Anamnese durchgef\u00fchrt werden muss und ein exaktes Behandlungskonzept erstellt wird.<\/p>\n\n\n\n<p><strong>Preis f\u00fcr eine Behandlung CHF 120.00<\/strong><\/p>\n<\/div>\n<\/div>\n","protected":false},"excerpt":{"rendered":"<p>Massagen 30 Minuten-Massage F\u00fcr eine Teilk\u00f6rpermassage (z.B. R\u00fccken\/Arme\/Beine) reichen 30 Minuten, bei nicht allzu grossen Verspannungen, durchaus aus. G\u00f6nn dir doch eine kleine 30 Minuten Powermassage. 30 Min f\u00fcr CHF 50.&#8211; 45 Minuten-Massage Diese Massage ist die goldene Mitte. In dieser Zeitdauer kann bereits etwas intensiver auf einzelne Verspannungen&nbsp; eingegangen werden. Eine Kombination von zwei [&hellip;]<\/p>\n","protected":false},"author":1,"featured_media":0,"parent":0,"menu_order":0,"comment_status":"closed","ping_status":"closed","template":"","meta":{"footnotes":""},"_links":{"self":[{"href":"https:\/\/massage-pure.ch\/index.php\/wp-json\/wp\/v2\/pages\/56"}],"collection":[{"href":"https:\/\/massage-pure.ch\/index.php\/wp-json\/wp\/v2\/pages"}],"about":[{"href":"https:\/\/massage-pure.ch\/index.php\/wp-json\/wp\/v2\/types\/page"}],"author":[{"embeddable":true,"href":"https:\/\/massage-pure.ch\/index.php\/wp-json\/wp\/v2\/users\/1"}],"replies":[{"embeddable":true,"href":"https:\/\/massage-pure.ch\/index.php\/wp-json\/wp\/v2\/comments?post=56"}],"version-history":[{"count":8,"href":"https:\/\/massage-pure.ch\/index.php\/wp-json\/wp\/v2\/pages\/56\/revisions"}],"predecessor-version":[{"id":279,"href":"https:\/\/massage-pure.ch\/index.php\/wp-json\/wp\/v2\/pages\/56\/revisions\/279"}],"wp:attachment":[{"href":"https:\/\/massage-pure.ch\/index.php\/wp-json\/wp\/v2\/media?parent=56"}],"curies":[{"name":"wp","href":"https:\/\/api.w.org\/{rel}","templated":true}]}}