{"id":86,"date":"2020-01-06T09:43:06","date_gmt":"2020-01-06T09:43:06","guid":{"rendered":"https:\/\/massage-pure.ch\/?page_id=86"},"modified":"2026-01-25T20:51:57","modified_gmt":"2026-01-25T20:51:57","slug":"praxis","status":"publish","type":"page","link":"https:\/\/massage-pure.ch\/","title":{"rendered":"Massage Pure &#8211; Relax &#038; Enjoy"},"content":{"rendered":"\n<p>Der K\u00f6rper ist unser kostbarstes Gut, deshalb ist es besonders wichtig auf ihn Acht zu geben.<\/p>\n\n\n\n<p>Die\n Massage existiert schon seit langer Zeit und ist f\u00fcr ihre wohltuende \nWirkung bekannt. Jeder Mensch sehnt sich nach Gesundheit und \nWohlbefinden.<\/p>\n\n\n\n<p>Eine  Massage hilft Verspannungen zu l\u00f6sen, den Kreislauf anzukurbeln, Ruhe  und Gelassenheit zu f\u00f6rdern und kann bei gewissen Krankheitsbildern f\u00fcr die Genesung unterst\u00fctzend eingesetzt werden. Nicht zuletzt, wirkt die  Massage extrem im pr\u00e4ventiven Bereich, um Leiden gar nicht erst entstehen zu lassen.<\/p>\n\n\n\n<p>Geniesse eine Massage und f\u00fchle dich gut und stark. <\/p>\n\n\n\n<p><em>Relax &amp; Enjoy<\/em><\/p>\n\n\n\n<hr class=\"wp-block-separator has-css-opacity\"\/>\n\n\n\n<blockquote class=\"wp-block-quote is-layout-flow wp-block-quote-is-layout-flow\">\n<p><strong>10 Jahre MassagePure \u2013 und die besten Kunden der Welt. Herzlichen Dank! <\/strong><\/p>\n<\/blockquote>\n","protected":false},"excerpt":{"rendered":"<p>Der K\u00f6rper ist unser kostbarstes Gut, deshalb ist es besonders wichtig auf ihn Acht zu geben. Die Massage existiert schon seit langer Zeit und ist f\u00fcr ihre wohltuende Wirkung bekannt. Jeder Mensch sehnt sich nach Gesundheit und Wohlbefinden. Eine Massage hilft Verspannungen zu l\u00f6sen, den Kreislauf anzukurbeln, Ruhe und Gelassenheit zu f\u00f6rdern und kann bei [&hellip;]<\/p>\n","protected":false},"author":1,"featured_media":0,"parent":0,"menu_order":0,"comment_status":"closed","ping_status":"closed","template":"","meta":{"footnotes":""},"_links":{"self":[{"href":"https:\/\/massage-pure.ch\/index.php\/wp-json\/wp\/v2\/pages\/86"}],"collection":[{"href":"https:\/\/massage-pure.ch\/index.php\/wp-json\/wp\/v2\/pages"}],"about":[{"href":"https:\/\/massage-pure.ch\/index.php\/wp-json\/wp\/v2\/types\/page"}],"author":[{"embeddable":true,"href":"https:\/\/massage-pure.ch\/index.php\/wp-json\/wp\/v2\/users\/1"}],"replies":[{"embeddable":true,"href":"https:\/\/massage-pure.ch\/index.php\/wp-json\/wp\/v2\/comments?post=86"}],"version-history":[{"count":22,"href":"https:\/\/massage-pure.ch\/index.php\/wp-json\/wp\/v2\/pages\/86\/revisions"}],"predecessor-version":[{"id":326,"href":"https:\/\/massage-pure.ch\/index.php\/wp-json\/wp\/v2\/pages\/86\/revisions\/326"}],"wp:attachment":[{"href":"https:\/\/massage-pure.ch\/index.php\/wp-json\/wp\/v2\/media?parent=86"}],"curies":[{"name":"wp","href":"https:\/\/api.w.org\/{rel}","templated":true}]}}